{"id":417,"date":"2016-10-03T20:55:24","date_gmt":"2016-10-03T17:55:24","guid":{"rendered":"http:\/\/www.aksoylar.com.tr\/tr\/?post_type=product&#038;p=417"},"modified":"2017-07-31T21:21:35","modified_gmt":"2017-07-31T18:21:35","slug":"traktor-kuyruk-milli-jenerator","status":"publish","type":"product","link":"https:\/\/aksoylar.com.tr\/tr\/?product=traktor-kuyruk-milli-jenerator","title":{"rendered":"Trakt\u00f6r (PTO) Jenerat\u00f6r"},"content":{"rendered":"<p><a href=\"https:\/\/aksoylar.com.tr\/tr\/wp-content\/uploads\/2016\/10\/akstech-jenerator1.png\"><img loading=\"lazy\" decoding=\"async\" class=\"alignnone\" src=\"https:\/\/aksoylar.com.tr\/tr\/wp-content\/uploads\/2016\/10\/akstech-jenerator1.png\" width=\"1730\" height=\"2200\" \/><img loading=\"lazy\" decoding=\"async\" class=\"alignnone\" src=\"https:\/\/aksoylar.com.tr\/tr\/wp-content\/uploads\/2016\/10\/akstech-jenerator2.png\" width=\"1701\" height=\"2203\" \/><\/a><\/p>\n","protected":false},"excerpt":{"rendered":"<p>Trakt\u00f6r kuyruk mili ile \u00e7al\u0131\u015fan jenerat\u00f6r.<\/p>\n[KGVID]\n","protected":false},"featured_media":420,"comment_status":"closed","ping_status":"closed","template":"","meta":[],"class_list":{"0":"post-417","1":"product","2":"type-product","3":"status-publish","4":"has-post-thumbnail","6":"product_cat-jenerator","7":"post","8":"post-with-thumbnail","9":"post-with-thumbnail-large","11":"first","12":"instock","13":"shipping-taxable","14":"product-type-simple"},"_links":{"self":[{"href":"https:\/\/aksoylar.com.tr\/tr\/index.php?rest_route=\/wp\/v2\/product\/417"}],"collection":[{"href":"https:\/\/aksoylar.com.tr\/tr\/index.php?rest_route=\/wp\/v2\/product"}],"about":[{"href":"https:\/\/aksoylar.com.tr\/tr\/index.php?rest_route=\/wp\/v2\/types\/product"}],"replies":[{"embeddable":true,"href":"https:\/\/aksoylar.com.tr\/tr\/index.php?rest_route=%2Fwp%2Fv2%2Fcomments&post=417"}],"wp:featuredmedia":[{"embeddable":true,"href":"https:\/\/aksoylar.com.tr\/tr\/index.php?rest_route=\/wp\/v2\/media\/420"}],"wp:attachment":[{"href":"https:\/\/aksoylar.com.tr\/tr\/index.php?rest_route=%2Fwp%2Fv2%2Fmedia&parent=417"}],"curies":[{"name":"wp","href":"https:\/\/api.w.org\/{rel}","templated":true}]}}