{"id":392,"date":"2016-06-12T22:21:47","date_gmt":"2016-06-12T19:21:47","guid":{"rendered":"http:\/\/www.aksoylar.com.tr\/tr\/?post_type=product&#038;p=392"},"modified":"2016-06-12T22:21:47","modified_gmt":"2016-06-12T19:21:47","slug":"6-aks-d-serisi-dokum-dalgic-pompa","status":"publish","type":"product","link":"https:\/\/aksoylar.com.tr\/tr\/?product=6-aks-d-serisi-dokum-dalgic-pompa","title":{"rendered":"6&#8243; AKS D Serisi D\u00f6k\u00fcm Dalg\u0131\u00e7 Pompa"},"content":{"rendered":"<p><a href=\"https:\/\/aksoylar.com.tr\/tr\/wp-content\/uploads\/2014\/02\/6d1.png\"><img loading=\"lazy\" decoding=\"async\" class=\"aligncenter size-large wp-image-18\" src=\"https:\/\/aksoylar.com.tr\/tr\/wp-content\/uploads\/2014\/02\/6d1-712x1024.png\" alt=\"6d1\" width=\"712\" height=\"1024\" srcset=\"https:\/\/aksoylar.com.tr\/tr\/wp-content\/uploads\/2014\/02\/6d1-712x1024.png 712w, https:\/\/aksoylar.com.tr\/tr\/wp-content\/uploads\/2014\/02\/6d1-208x300.png 208w, https:\/\/aksoylar.com.tr\/tr\/wp-content\/uploads\/2014\/02\/6d1.png 725w\" sizes=\"(max-width: 712px) 100vw, 712px\" \/><\/a><a href=\"https:\/\/aksoylar.com.tr\/tr\/wp-content\/uploads\/2014\/02\/6d2.png\"><img loading=\"lazy\" decoding=\"async\" class=\"aligncenter size-large wp-image-19\" src=\"https:\/\/aksoylar.com.tr\/tr\/wp-content\/uploads\/2014\/02\/6d2-667x1024.png\" alt=\"6d2\" width=\"667\" height=\"1024\" srcset=\"https:\/\/aksoylar.com.tr\/tr\/wp-content\/uploads\/2014\/02\/6d2-667x1024.png 667w, https:\/\/aksoylar.com.tr\/tr\/wp-content\/uploads\/2014\/02\/6d2-195x300.png 195w, https:\/\/aksoylar.com.tr\/tr\/wp-content\/uploads\/2014\/02\/6d2.png 725w\" sizes=\"(max-width: 667px) 100vw, 667px\" \/><\/a><\/p>\n","protected":false},"excerpt":{"rendered":"","protected":false},"featured_media":371,"comment_status":"closed","ping_status":"closed","template":"","meta":[],"class_list":{"0":"post-392","1":"product","2":"type-product","3":"status-publish","4":"has-post-thumbnail","6":"post","7":"post-with-thumbnail","8":"post-with-thumbnail-large","10":"first","11":"instock","12":"shipping-taxable","13":"product-type-simple"},"_links":{"self":[{"href":"https:\/\/aksoylar.com.tr\/tr\/index.php?rest_route=\/wp\/v2\/product\/392"}],"collection":[{"href":"https:\/\/aksoylar.com.tr\/tr\/index.php?rest_route=\/wp\/v2\/product"}],"about":[{"href":"https:\/\/aksoylar.com.tr\/tr\/index.php?rest_route=\/wp\/v2\/types\/product"}],"replies":[{"embeddable":true,"href":"https:\/\/aksoylar.com.tr\/tr\/index.php?rest_route=%2Fwp%2Fv2%2Fcomments&post=392"}],"wp:featuredmedia":[{"embeddable":true,"href":"https:\/\/aksoylar.com.tr\/tr\/index.php?rest_route=\/wp\/v2\/media\/371"}],"wp:attachment":[{"href":"https:\/\/aksoylar.com.tr\/tr\/index.php?rest_route=%2Fwp%2Fv2%2Fmedia&parent=392"}],"curies":[{"name":"wp","href":"https:\/\/api.w.org\/{rel}","templated":true}]}}