{"id":389,"date":"2016-06-12T22:09:11","date_gmt":"2016-06-12T19:09:11","guid":{"rendered":"http:\/\/www.aksoylar.com.tr\/tr\/?post_type=product&#038;p=389"},"modified":"2016-06-12T22:22:14","modified_gmt":"2016-06-12T19:22:14","slug":"aks-6-c-serisi-dokum-dalgic-pompa","status":"publish","type":"product","link":"https:\/\/aksoylar.com.tr\/tr\/?product=aks-6-c-serisi-dokum-dalgic-pompa","title":{"rendered":"6&#8243; AKS  C Serisi D\u00f6k\u00fcm Dalg\u0131\u00e7 Pompa"},"content":{"rendered":"<p><a href=\"https:\/\/aksoylar.com.tr\/tr\/wp-content\/uploads\/2014\/02\/6c1.png\"><img loading=\"lazy\" decoding=\"async\" class=\"aligncenter size-full wp-image-16\" src=\"https:\/\/aksoylar.com.tr\/tr\/wp-content\/uploads\/2014\/02\/6c1.png\" alt=\"6c1\" width=\"725\" height=\"992\" srcset=\"https:\/\/aksoylar.com.tr\/tr\/wp-content\/uploads\/2014\/02\/6c1.png 725w, https:\/\/aksoylar.com.tr\/tr\/wp-content\/uploads\/2014\/02\/6c1-219x300.png 219w\" sizes=\"(max-width: 725px) 100vw, 725px\" \/><\/a><a href=\"https:\/\/aksoylar.com.tr\/tr\/wp-content\/uploads\/2014\/02\/6c2.png\"><img loading=\"lazy\" decoding=\"async\" class=\"aligncenter size-large wp-image-17\" src=\"https:\/\/aksoylar.com.tr\/tr\/wp-content\/uploads\/2014\/02\/6c2-651x1024.png\" alt=\"6c2\" width=\"651\" height=\"1024\" srcset=\"https:\/\/aksoylar.com.tr\/tr\/wp-content\/uploads\/2014\/02\/6c2-651x1024.png 651w, https:\/\/aksoylar.com.tr\/tr\/wp-content\/uploads\/2014\/02\/6c2-190x300.png 190w, https:\/\/aksoylar.com.tr\/tr\/wp-content\/uploads\/2014\/02\/6c2.png 725w\" sizes=\"(max-width: 651px) 100vw, 651px\" \/><\/a><\/p>\n","protected":false},"excerpt":{"rendered":"","protected":false},"featured_media":371,"comment_status":"closed","ping_status":"closed","template":"","meta":[],"class_list":{"0":"post-389","1":"product","2":"type-product","3":"status-publish","4":"has-post-thumbnail","6":"product_cat-6-dalgic-pompa","7":"product_cat-dalgic-pompa","8":"post","9":"post-with-thumbnail","10":"post-with-thumbnail-large","12":"first","13":"instock","14":"shipping-taxable","15":"product-type-simple"},"_links":{"self":[{"href":"https:\/\/aksoylar.com.tr\/tr\/index.php?rest_route=\/wp\/v2\/product\/389"}],"collection":[{"href":"https:\/\/aksoylar.com.tr\/tr\/index.php?rest_route=\/wp\/v2\/product"}],"about":[{"href":"https:\/\/aksoylar.com.tr\/tr\/index.php?rest_route=\/wp\/v2\/types\/product"}],"replies":[{"embeddable":true,"href":"https:\/\/aksoylar.com.tr\/tr\/index.php?rest_route=%2Fwp%2Fv2%2Fcomments&post=389"}],"wp:featuredmedia":[{"embeddable":true,"href":"https:\/\/aksoylar.com.tr\/tr\/index.php?rest_route=\/wp\/v2\/media\/371"}],"wp:attachment":[{"href":"https:\/\/aksoylar.com.tr\/tr\/index.php?rest_route=%2Fwp%2Fv2%2Fmedia&parent=389"}],"curies":[{"name":"wp","href":"https:\/\/api.w.org\/{rel}","templated":true}]}}