{"id":386,"date":"2016-06-12T22:03:45","date_gmt":"2016-06-12T19:03:45","guid":{"rendered":"http:\/\/www.aksoylar.com.tr\/tr\/?post_type=product&#038;p=386"},"modified":"2016-06-12T22:22:50","modified_gmt":"2016-06-12T19:22:50","slug":"8-b-serisi-dokum-dalgic-pompa","status":"publish","type":"product","link":"https:\/\/aksoylar.com.tr\/tr\/?product=8-b-serisi-dokum-dalgic-pompa","title":{"rendered":"8&#8243; AKS  B Serisi D\u00f6k\u00fcm Dalg\u0131\u00e7 Pompa"},"content":{"rendered":"<p><a href=\"https:\/\/aksoylar.com.tr\/tr\/wp-content\/uploads\/2014\/02\/8b1.png\"><img loading=\"lazy\" decoding=\"async\" class=\"aligncenter size-full wp-image-28\" src=\"https:\/\/aksoylar.com.tr\/tr\/wp-content\/uploads\/2014\/02\/8b1.png\" alt=\"8b1\" width=\"725\" height=\"936\" srcset=\"https:\/\/aksoylar.com.tr\/tr\/wp-content\/uploads\/2014\/02\/8b1.png 725w, https:\/\/aksoylar.com.tr\/tr\/wp-content\/uploads\/2014\/02\/8b1-232x300.png 232w\" sizes=\"(max-width: 725px) 100vw, 725px\" \/><\/a><a href=\"https:\/\/aksoylar.com.tr\/tr\/wp-content\/uploads\/2014\/02\/8b2.png\"><img loading=\"lazy\" decoding=\"async\" class=\"aligncenter size-large wp-image-29\" src=\"https:\/\/aksoylar.com.tr\/tr\/wp-content\/uploads\/2014\/02\/8b2-669x1024.png\" alt=\"8b2\" width=\"669\" height=\"1024\" srcset=\"https:\/\/aksoylar.com.tr\/tr\/wp-content\/uploads\/2014\/02\/8b2-669x1024.png 669w, https:\/\/aksoylar.com.tr\/tr\/wp-content\/uploads\/2014\/02\/8b2-196x300.png 196w, https:\/\/aksoylar.com.tr\/tr\/wp-content\/uploads\/2014\/02\/8b2.png 725w\" sizes=\"(max-width: 669px) 100vw, 669px\" \/><\/a><\/p>\n","protected":false},"excerpt":{"rendered":"","protected":false},"featured_media":375,"comment_status":"closed","ping_status":"closed","template":"","meta":[],"class_list":{"0":"post-386","1":"product","2":"type-product","3":"status-publish","4":"has-post-thumbnail","6":"product_cat-8-dalgic-pompa","7":"product_cat-dalgic-pompa","8":"post","9":"post-with-thumbnail","10":"post-with-thumbnail-large","12":"first","13":"instock","14":"shipping-taxable","15":"product-type-simple"},"_links":{"self":[{"href":"https:\/\/aksoylar.com.tr\/tr\/index.php?rest_route=\/wp\/v2\/product\/386"}],"collection":[{"href":"https:\/\/aksoylar.com.tr\/tr\/index.php?rest_route=\/wp\/v2\/product"}],"about":[{"href":"https:\/\/aksoylar.com.tr\/tr\/index.php?rest_route=\/wp\/v2\/types\/product"}],"replies":[{"embeddable":true,"href":"https:\/\/aksoylar.com.tr\/tr\/index.php?rest_route=%2Fwp%2Fv2%2Fcomments&post=386"}],"wp:featuredmedia":[{"embeddable":true,"href":"https:\/\/aksoylar.com.tr\/tr\/index.php?rest_route=\/wp\/v2\/media\/375"}],"wp:attachment":[{"href":"https:\/\/aksoylar.com.tr\/tr\/index.php?rest_route=%2Fwp%2Fv2%2Fmedia&parent=386"}],"curies":[{"name":"wp","href":"https:\/\/api.w.org\/{rel}","templated":true}]}}