{"id":382,"date":"2016-06-12T21:54:10","date_gmt":"2016-06-12T18:54:10","guid":{"rendered":"http:\/\/www.aksoylar.com.tr\/tr\/?post_type=product&#038;p=382"},"modified":"2016-06-12T22:24:06","modified_gmt":"2016-06-12T19:24:06","slug":"7-dokum-dalgic-pompa","status":"publish","type":"product","link":"https:\/\/aksoylar.com.tr\/tr\/?product=7-dokum-dalgic-pompa","title":{"rendered":"7&#8243; AKS  B Serisi D\u00f6k\u00fcm Dalg\u0131\u00e7 Pompa"},"content":{"rendered":"<p><a href=\"https:\/\/aksoylar.com.tr\/tr\/wp-content\/uploads\/2014\/02\/7b1.png\"><img loading=\"lazy\" decoding=\"async\" class=\"aligncenter size-full wp-image-22\" src=\"https:\/\/aksoylar.com.tr\/tr\/wp-content\/uploads\/2014\/02\/7b1.png\" alt=\"7b1\" width=\"725\" height=\"998\" srcset=\"https:\/\/aksoylar.com.tr\/tr\/wp-content\/uploads\/2014\/02\/7b1.png 725w, https:\/\/aksoylar.com.tr\/tr\/wp-content\/uploads\/2014\/02\/7b1-217x300.png 217w\" sizes=\"(max-width: 725px) 100vw, 725px\" \/><\/a><a href=\"https:\/\/aksoylar.com.tr\/tr\/wp-content\/uploads\/2014\/02\/7b2.png\"><img loading=\"lazy\" decoding=\"async\" class=\"aligncenter size-large wp-image-23\" src=\"https:\/\/aksoylar.com.tr\/tr\/wp-content\/uploads\/2014\/02\/7b2-640x1024.png\" alt=\"7b2\" width=\"640\" height=\"1024\" srcset=\"https:\/\/aksoylar.com.tr\/tr\/wp-content\/uploads\/2014\/02\/7b2-640x1024.png 640w, https:\/\/aksoylar.com.tr\/tr\/wp-content\/uploads\/2014\/02\/7b2-187x300.png 187w, https:\/\/aksoylar.com.tr\/tr\/wp-content\/uploads\/2014\/02\/7b2.png 725w\" sizes=\"(max-width: 640px) 100vw, 640px\" \/><\/a><\/p>\n","protected":false},"excerpt":{"rendered":"","protected":false},"featured_media":374,"comment_status":"closed","ping_status":"closed","template":"","meta":[],"class_list":{"0":"post-382","1":"product","2":"type-product","3":"status-publish","4":"has-post-thumbnail","6":"product_cat-7-dalgic-pompa","7":"product_cat-dalgic-pompa","8":"post","9":"post-with-thumbnail","10":"post-with-thumbnail-large","12":"first","13":"instock","14":"shipping-taxable","15":"product-type-simple"},"_links":{"self":[{"href":"https:\/\/aksoylar.com.tr\/tr\/index.php?rest_route=\/wp\/v2\/product\/382"}],"collection":[{"href":"https:\/\/aksoylar.com.tr\/tr\/index.php?rest_route=\/wp\/v2\/product"}],"about":[{"href":"https:\/\/aksoylar.com.tr\/tr\/index.php?rest_route=\/wp\/v2\/types\/product"}],"replies":[{"embeddable":true,"href":"https:\/\/aksoylar.com.tr\/tr\/index.php?rest_route=%2Fwp%2Fv2%2Fcomments&post=382"}],"wp:featuredmedia":[{"embeddable":true,"href":"https:\/\/aksoylar.com.tr\/tr\/index.php?rest_route=\/wp\/v2\/media\/374"}],"wp:attachment":[{"href":"https:\/\/aksoylar.com.tr\/tr\/index.php?rest_route=%2Fwp%2Fv2%2Fmedia&parent=382"}],"curies":[{"name":"wp","href":"https:\/\/api.w.org\/{rel}","templated":true}]}}