{"id":349,"date":"2016-06-12T20:56:35","date_gmt":"2016-06-12T17:56:35","guid":{"rendered":"http:\/\/www.aksoylar.com.tr\/tr\/?post_type=product&#038;p=349"},"modified":"2016-06-12T22:24:46","modified_gmt":"2016-06-12T19:24:46","slug":"5-dokum-dalgic-pompa","status":"publish","type":"product","link":"https:\/\/aksoylar.com.tr\/tr\/?product=5-dokum-dalgic-pompa","title":{"rendered":"5&#8243; AKS D\u00f6k\u00fcm Dalg\u0131\u00e7 Pompa"},"content":{"rendered":"<p><a href=\"https:\/\/aksoylar.com.tr\/tr\/wp-content\/uploads\/2014\/02\/5dokum1.png\"><img loading=\"lazy\" decoding=\"async\" class=\"aligncenter size-large wp-image-10\" src=\"https:\/\/aksoylar.com.tr\/tr\/wp-content\/uploads\/2014\/02\/5dokum1-720x1024.png\" alt=\"5dokum1\" width=\"720\" height=\"1024\" srcset=\"https:\/\/aksoylar.com.tr\/tr\/wp-content\/uploads\/2014\/02\/5dokum1-720x1024.png 720w, https:\/\/aksoylar.com.tr\/tr\/wp-content\/uploads\/2014\/02\/5dokum1-210x300.png 210w, https:\/\/aksoylar.com.tr\/tr\/wp-content\/uploads\/2014\/02\/5dokum1.png 725w\" sizes=\"(max-width: 720px) 100vw, 720px\" \/><\/a><a href=\"https:\/\/aksoylar.com.tr\/tr\/wp-content\/uploads\/2014\/02\/5dokum2.png\"><img loading=\"lazy\" decoding=\"async\" class=\"aligncenter size-large wp-image-11\" src=\"https:\/\/aksoylar.com.tr\/tr\/wp-content\/uploads\/2014\/02\/5dokum2-659x1024.png\" alt=\"5dokum2\" width=\"659\" height=\"1024\" srcset=\"https:\/\/aksoylar.com.tr\/tr\/wp-content\/uploads\/2014\/02\/5dokum2-659x1024.png 659w, https:\/\/aksoylar.com.tr\/tr\/wp-content\/uploads\/2014\/02\/5dokum2-193x300.png 193w, https:\/\/aksoylar.com.tr\/tr\/wp-content\/uploads\/2014\/02\/5dokum2.png 725w\" sizes=\"(max-width: 659px) 100vw, 659px\" \/><\/a><\/p>\n","protected":false},"excerpt":{"rendered":"<p><a href=\"https:\/\/aksoylar.com.tr\/tr\/wp-content\/uploads\/2014\/02\/5dokum1.png\"><br \/>\n<\/a><\/p>\n","protected":false},"featured_media":367,"comment_status":"closed","ping_status":"closed","template":"","meta":[],"class_list":{"0":"post-349","1":"product","2":"type-product","3":"status-publish","4":"has-post-thumbnail","6":"product_cat-5-dalgic-pompa","7":"product_cat-dalgic-pompa","8":"post","9":"post-with-thumbnail","10":"post-with-thumbnail-large","12":"first","13":"instock","14":"shipping-taxable","15":"product-type-simple"},"_links":{"self":[{"href":"https:\/\/aksoylar.com.tr\/tr\/index.php?rest_route=\/wp\/v2\/product\/349"}],"collection":[{"href":"https:\/\/aksoylar.com.tr\/tr\/index.php?rest_route=\/wp\/v2\/product"}],"about":[{"href":"https:\/\/aksoylar.com.tr\/tr\/index.php?rest_route=\/wp\/v2\/types\/product"}],"replies":[{"embeddable":true,"href":"https:\/\/aksoylar.com.tr\/tr\/index.php?rest_route=%2Fwp%2Fv2%2Fcomments&post=349"}],"wp:featuredmedia":[{"embeddable":true,"href":"https:\/\/aksoylar.com.tr\/tr\/index.php?rest_route=\/wp\/v2\/media\/367"}],"wp:attachment":[{"href":"https:\/\/aksoylar.com.tr\/tr\/index.php?rest_route=%2Fwp%2Fv2%2Fmedia&parent=349"}],"curies":[{"name":"wp","href":"https:\/\/api.w.org\/{rel}","templated":true}]}}