{"id":328,"date":"2016-06-10T23:38:43","date_gmt":"2016-06-10T20:38:43","guid":{"rendered":"http:\/\/www.aksoylar.com.tr\/tr\/?post_type=product&#038;p=328"},"modified":"2016-06-14T11:29:32","modified_gmt":"2016-06-14T08:29:32","slug":"yatay-dalgic-motor-pompa","status":"publish","type":"product","link":"https:\/\/aksoylar.com.tr\/tr\/?product=yatay-dalgic-motor-pompa","title":{"rendered":"AKS Yatay Dalg\u0131\u00e7 Motor Pompa"},"content":{"rendered":"<p><a href=\"https:\/\/aksoylar.com.tr\/tr\/wp-content\/uploads\/2014\/02\/yatay1.png\"><img loading=\"lazy\" decoding=\"async\" class=\"aligncenter size-full wp-image-51\" src=\"https:\/\/aksoylar.com.tr\/tr\/wp-content\/uploads\/2014\/02\/yatay1.png\" alt=\"yatay1\" width=\"725\" height=\"970\" srcset=\"https:\/\/aksoylar.com.tr\/tr\/wp-content\/uploads\/2014\/02\/yatay1.png 725w, https:\/\/aksoylar.com.tr\/tr\/wp-content\/uploads\/2014\/02\/yatay1-224x300.png 224w\" sizes=\"(max-width: 725px) 100vw, 725px\" \/><\/a><a href=\"https:\/\/aksoylar.com.tr\/tr\/wp-content\/uploads\/2014\/02\/yatay2.png\"><img loading=\"lazy\" decoding=\"async\" class=\"aligncenter size-full wp-image-52\" src=\"https:\/\/aksoylar.com.tr\/tr\/wp-content\/uploads\/2014\/02\/yatay2.png\" alt=\"yatay2\" width=\"725\" height=\"875\" srcset=\"https:\/\/aksoylar.com.tr\/tr\/wp-content\/uploads\/2014\/02\/yatay2.png 725w, https:\/\/aksoylar.com.tr\/tr\/wp-content\/uploads\/2014\/02\/yatay2-248x300.png 248w\" sizes=\"(max-width: 725px) 100vw, 725px\" \/><\/a><\/p>\n","protected":false},"excerpt":{"rendered":"<p>Uygulama Alanlar\u0131<\/p>\n<p>*Keson kuyularda<\/p>\n<p>*Is\u0131tma &#8211; so\u011futma, klima ve sirkilasyon tesislerinde*Damlama sulama sistemlerinde, \/Irr\u0131gation systems, *Sivil ve end\u00fcstriyel uygulamalarda<\/p>\n<p>*Yang\u0131n s\u00f6nd\u00fcrme uygulamalar\u0131nda<\/p>\n<p>*Y\u00fcksek bina ve hidrofor sistemlerinde<\/p>\n<p>*\u0130n\u015faatlarda<\/p>\n<p>*Tar\u0131msal sulamada<\/p>\n<p>*End\u00fcstriyel sulamada<\/p>\n<p>*Deniz, g\u00f6l ve akarsularda<\/p>\n<p>*K\u00fclt\u00fcr bal\u0131\u011f\u0131 yeti\u015ftirme \u00e7iftliklerinde<\/p>\n<p>Suya ihtiya\u00e7 duyulan hemen her yerde.<\/p>\n","protected":false},"featured_media":378,"comment_status":"closed","ping_status":"closed","template":"","meta":[],"class_list":{"0":"post-328","1":"product","2":"type-product","3":"status-publish","4":"has-post-thumbnail","6":"product_cat-yatay-dalgic-motor-pompa","7":"post","8":"post-with-thumbnail","9":"post-with-thumbnail-large","11":"first","12":"instock","13":"product-type-simple"},"_links":{"self":[{"href":"https:\/\/aksoylar.com.tr\/tr\/index.php?rest_route=\/wp\/v2\/product\/328"}],"collection":[{"href":"https:\/\/aksoylar.com.tr\/tr\/index.php?rest_route=\/wp\/v2\/product"}],"about":[{"href":"https:\/\/aksoylar.com.tr\/tr\/index.php?rest_route=\/wp\/v2\/types\/product"}],"replies":[{"embeddable":true,"href":"https:\/\/aksoylar.com.tr\/tr\/index.php?rest_route=%2Fwp%2Fv2%2Fcomments&post=328"}],"wp:featuredmedia":[{"embeddable":true,"href":"https:\/\/aksoylar.com.tr\/tr\/index.php?rest_route=\/wp\/v2\/media\/378"}],"wp:attachment":[{"href":"https:\/\/aksoylar.com.tr\/tr\/index.php?rest_route=%2Fwp%2Fv2%2Fmedia&parent=328"}],"curies":[{"name":"wp","href":"https:\/\/api.w.org\/{rel}","templated":true}]}}