{"id":9,"date":"2014-02-05T21:07:06","date_gmt":"2014-02-05T19:07:06","guid":{"rendered":"http:\/\/www.aksoylar.com.tr\/tr\/?page_id=9"},"modified":"2016-06-10T18:36:08","modified_gmt":"2016-06-10T15:36:08","slug":"calisma-alanlari","status":"publish","type":"page","link":"https:\/\/aksoylar.com.tr\/tr\/?page_id=9","title":{"rendered":"\u00c7al\u0131\u015fma Alanlar\u0131"},"content":{"rendered":"<p style=\"text-align: left;\"><img loading=\"lazy\" decoding=\"async\" class=\"wp-image-30 aligncenter\" style=\"margin-top: 30px; margin-bottom: 30px;\" alt=\"aks_logo\" src=\"https:\/\/aksoylar.com.tr\/tr\/wp-content\/uploads\/2014\/02\/aks_logo.png\" width=\"159\" height=\"69\" \/>Firmam\u0131z Antalya Organize Sanayi B\u00f6lgesindeki fabrikas\u0131nda Aks Motors &amp; Pumps markas\u0131yla \u00a0yatay dalg\u0131\u00e7 motopomp, deniz suyunda \u00e7al\u0131\u015fabilen ve komple krom yatay dalg\u0131\u00e7 motopomp \u00fcretiminin yan\u0131s\u0131ra \u00a05&#8243; \u00a0ve 6&#8243; noril ve d\u00f6k\u00fcm dalg\u0131\u00e7 pompalar, \u00a07&#8243; ve 8&#8243; d\u00f6k\u00fcm dalg\u0131\u00e7 pompa ve 6&#8243; ve 8&#8243; dalg\u0131\u00e7 motor \u00fcretimi yapmaktad\u0131r.<a href=\"https:\/\/aksoylar.com.tr\/tr\/wp-content\/uploads\/2014\/02\/aks_logo.png\"><br \/>\n<\/a><\/p>\n<p style=\"text-align: left;\"><img loading=\"lazy\" decoding=\"async\" class=\"size-full wp-image-49 aligncenter\" style=\"margin-top: 20px; margin-bottom: 20px;\" alt=\"sondaj_logo_qf736k47\" src=\"https:\/\/aksoylar.com.tr\/tr\/wp-content\/uploads\/2014\/02\/sondaj_logo_qf736k47.png\" width=\"159\" height=\"127\" \/>Firmam\u0131z \u00a0Akdeniz B\u00f6lgesinde Aksoylar Sondaj olarak \u00a0600 mt delim kapasiteli makinalar\u0131 haval\u0131 ve rotary sondaj tekniklerinn yan\u0131s\u0131ra, \u00a0y\u00fcksek kapasiteli kompres\u00f6rler ile \u00e7eki\u00e7 sistemi ile derin kuyu sondaj faaliyetlerinin yan\u0131 s\u0131ra siz de\u011ferli m\u00fc\u015fterilemize \u00a0derin \u00a0montaj demontaj ve 25-16 Bar \u00a0Y\u00fcksek Bas\u0131n\u00e7l\u0131 Kompres\u00f6rlerle Kuyu \u0130nki\u015faf hizmetleri<\/p>\n<p style=\"text-align: left;\">vermektedir.<\/p>\n<p style=\"text-align: left;\"><img loading=\"lazy\" decoding=\"async\" class=\"size-full wp-image-33 aligncenter\" style=\"margin-top: -10px; margin-bottom: -10px;\" alt=\"elektrik_logo\" src=\"https:\/\/aksoylar.com.tr\/tr\/wp-content\/uploads\/2014\/02\/elektrik_logo.png\" width=\"159\" height=\"127\" \/><\/p>\n<p style=\"text-align: left;\"><span style=\"line-height: 1.5em;\">Firmam\u0131z Antalya \u0130li Serik \u0130l\u00e7esinde bulunan ma\u011fazas\u0131nda her t\u00fcrl\u00fc toptan ve parekende sat\u0131\u015f yapan elektrik ma\u011fazas\u0131n\u0131n yan\u0131 s\u0131ra AG\u2014OG Trafo, \u00a0taahh\u00fct \u00e7al\u0131\u015fmalar\u0131nda bulunmaktad\u0131r.<\/span><\/p>\n<p style=\"text-align: left;\"><a style=\"line-height: 1.5;\" href=\"https:\/\/aksoylar.com.tr\/tr\/wp-content\/uploads\/2014\/02\/insaat_logo.png\"><img loading=\"lazy\" decoding=\"async\" class=\"size-full wp-image-38 aligncenter\" style=\"margin-top: 0px; margin-bottom: 0px;\" alt=\"insaat_logo\" src=\"https:\/\/aksoylar.com.tr\/tr\/wp-content\/uploads\/2014\/02\/insaat_logo.png\" width=\"159\" height=\"127\" \/><\/a><\/p>\n<p style=\"text-align: left;\">Firmam\u0131z \u00f6zel yada kamuya ili\u015fkin yeralt\u0131 ve yer\u00fcst\u00fc m\u00fcteahhitlik hizmetlerinin yan\u0131 s\u0131ra kendi b\u00fcnyesinde i\u015f merkezi ve site in\u015faat faaliyetlerinde bulunmaktad\u0131r.<\/p>\n","protected":false},"excerpt":{"rendered":"<p>Firmam\u0131z Antalya Organize Sanayi B\u00f6lgesindeki fabrikas\u0131nda Aks Motors &amp; Pumps markas\u0131yla \u00a0yatay dalg\u0131\u00e7 motopomp, deniz suyunda \u00e7al\u0131\u015fabilen ve komple krom yatay dalg\u0131\u00e7 motopomp \u00fcretiminin yan\u0131s\u0131ra \u00a05&#8243; \u00a0ve 6&#8243; noril ve d\u00f6k\u00fcm dalg\u0131\u00e7 pompalar, \u00a07&#8243; ve 8&#8243; d\u00f6k\u00fcm dalg\u0131\u00e7 pompa ve 6&#8243; ve 8&#8243; dalg\u0131\u00e7 motor \u00fcretimi yapmaktad\u0131r. Firmam\u0131z \u00a0Akdeniz B\u00f6lgesinde Aksoylar Sondaj olarak \u00a0600 mt [&hellip;]<\/p>\n","protected":false},"author":2,"featured_media":0,"parent":0,"menu_order":0,"comment_status":"closed","ping_status":"closed","template":"","meta":{"footnotes":""},"class_list":["post-9","page","type-page","status-publish","hentry","post"],"_links":{"self":[{"href":"https:\/\/aksoylar.com.tr\/tr\/index.php?rest_route=\/wp\/v2\/pages\/9"}],"collection":[{"href":"https:\/\/aksoylar.com.tr\/tr\/index.php?rest_route=\/wp\/v2\/pages"}],"about":[{"href":"https:\/\/aksoylar.com.tr\/tr\/index.php?rest_route=\/wp\/v2\/types\/page"}],"author":[{"embeddable":true,"href":"https:\/\/aksoylar.com.tr\/tr\/index.php?rest_route=\/wp\/v2\/users\/2"}],"replies":[{"embeddable":true,"href":"https:\/\/aksoylar.com.tr\/tr\/index.php?rest_route=%2Fwp%2Fv2%2Fcomments&post=9"}],"version-history":[{"count":9,"href":"https:\/\/aksoylar.com.tr\/tr\/index.php?rest_route=\/wp\/v2\/pages\/9\/revisions"}],"predecessor-version":[{"id":319,"href":"https:\/\/aksoylar.com.tr\/tr\/index.php?rest_route=\/wp\/v2\/pages\/9\/revisions\/319"}],"wp:attachment":[{"href":"https:\/\/aksoylar.com.tr\/tr\/index.php?rest_route=%2Fwp%2Fv2%2Fmedia&parent=9"}],"curies":[{"name":"wp","href":"https:\/\/api.w.org\/{rel}","templated":true}]}}