{"id":76,"date":"2014-02-05T21:43:10","date_gmt":"2014-02-05T19:43:10","guid":{"rendered":"http:\/\/www.aksoylar.com.tr\/tr\/?page_id=76"},"modified":"2014-02-15T12:50:42","modified_gmt":"2014-02-15T10:50:42","slug":"iletisim","status":"publish","type":"page","link":"https:\/\/aksoylar.com.tr\/tr\/?page_id=76","title":{"rendered":"\u0130leti\u015fim"},"content":{"rendered":"<table>\n<tbody>\n<tr>\n<td><b>Aksoylar Merkez:<br \/>\n<\/b>Adres: Etiler Mah. Adnan Menderes Blv. Askero\u011flu \u0130\u015f Mrk.<br \/>\nNo:63\/27-<wbr \/>28 Muratpa\u015fa \/ Antalya<br \/>\nTel \u00a0\u00a0\u00a0: 0242 311 40 06<br \/>\nFaks \u00a0: 0242 311 41 05<br \/>\nemail : info@aksoylar.com.tr<\/td>\n<td><b>Aks Motors &amp; Pumps:<br \/>\n<\/b>Adres : Sedir Mah. Zambak Cad. No:11\/B<br \/>\nMuratpa\u015fa \/ Antalya<br \/>\nTel \u00a0\u00a0\u00a0: 0242 346 88 45<br \/>\nFaks \u00a0: 0242 344 82 92<br \/>\nemail : info@akspompa.com.tr<\/td>\n<\/tr>\n<tr>\n<td><b>Aksoylar Serik Showroom:<\/b><br \/>\nAdres : Serik Blv. Fatih Camii Yan\u0131 No:234 Serik \/ Antalya<br \/>\nTel \u00a0\u00a0\u00a0: 0242 722 40 08<br \/>\nFaks \u00a0: 0242 722 21 53<br \/>\nemail : sube@aksoylar.com.tr<\/td>\n<td><b>Aksoylar Fabrika:<\/b><br \/>\nAdres :Antalya Organize Sanayi B\u00f6lgesi 2. K\u0131s\u0131m<br \/>\n24. Cad. No:22 D\u00f6\u015femealt\u0131 \/ Antalya<br \/>\nTel &amp; Faks \u00a0\u00a0: 0242 311 37 89<br \/>\nemail : info@aksoylar.com.tr<\/td>\n<\/tr>\n<\/tbody>\n<\/table>\n","protected":false},"excerpt":{"rendered":"<p>Aksoylar Merkez: Adres: Etiler Mah. Adnan Menderes Blv. Askero\u011flu \u0130\u015f Mrk. No:63\/27-28 Muratpa\u015fa \/ Antalya Tel \u00a0\u00a0\u00a0: 0242 311 40 06 Faks \u00a0: 0242 311 41 05 email : info@aksoylar.com.tr Aks Motors &amp; Pumps: Adres : Sedir Mah. Zambak Cad. No:11\/B Muratpa\u015fa \/ Antalya Tel \u00a0\u00a0\u00a0: 0242 346 88 45 Faks \u00a0: 0242 344 82 [&hellip;]<\/p>\n","protected":false},"author":2,"featured_media":0,"parent":0,"menu_order":0,"comment_status":"open","ping_status":"closed","template":"","meta":{"footnotes":""},"class_list":["post-76","page","type-page","status-publish","hentry","post"],"_links":{"self":[{"href":"https:\/\/aksoylar.com.tr\/tr\/index.php?rest_route=\/wp\/v2\/pages\/76"}],"collection":[{"href":"https:\/\/aksoylar.com.tr\/tr\/index.php?rest_route=\/wp\/v2\/pages"}],"about":[{"href":"https:\/\/aksoylar.com.tr\/tr\/index.php?rest_route=\/wp\/v2\/types\/page"}],"author":[{"embeddable":true,"href":"https:\/\/aksoylar.com.tr\/tr\/index.php?rest_route=\/wp\/v2\/users\/2"}],"replies":[{"embeddable":true,"href":"https:\/\/aksoylar.com.tr\/tr\/index.php?rest_route=%2Fwp%2Fv2%2Fcomments&post=76"}],"version-history":[{"count":4,"href":"https:\/\/aksoylar.com.tr\/tr\/index.php?rest_route=\/wp\/v2\/pages\/76\/revisions"}],"predecessor-version":[{"id":297,"href":"https:\/\/aksoylar.com.tr\/tr\/index.php?rest_route=\/wp\/v2\/pages\/76\/revisions\/297"}],"wp:attachment":[{"href":"https:\/\/aksoylar.com.tr\/tr\/index.php?rest_route=%2Fwp%2Fv2%2Fmedia&parent=76"}],"curies":[{"name":"wp","href":"https:\/\/api.w.org\/{rel}","templated":true}]}}