{"id":5,"date":"2014-02-05T20:34:27","date_gmt":"2014-02-05T18:34:27","guid":{"rendered":"http:\/\/www.aksoylar.com.tr\/tr\/?page_id=5"},"modified":"2016-10-03T21:00:23","modified_gmt":"2016-10-03T18:00:23","slug":"hosgeldiniz","status":"publish","type":"page","link":"https:\/\/aksoylar.com.tr\/tr\/","title":{"rendered":"Ho\u015fgeldiniz"},"content":{"rendered":"<p><strong>Hi\u00e7 birimiz hepimiz kadar iyi de\u011filiz!<\/strong><\/p>\n<p>Firmam\u0131z, m\u00fc\u015fterilerimizin her zaman en iyiyi hak etti\u011fini d\u00fc\u015f\u00fcnerek hareket etmekte, do\u011fru \u00fcr\u00fcn\u00fcn se\u00e7ilmesi, sat\u0131\u015f \u00f6ncesi ve kullan\u0131m s\u0131ras\u0131nda teknik hizmet deste\u011finin do\u011fru ve eksiksiz sunulmas\u0131 prensibini benimseyerek m\u00fc\u015fterilerimize a\u015fa\u011f\u0131daki hizmetleri sunmaktad\u0131r<br \/>\n\u2022AKS MOTORS &amp; PUMPS Marka Dalg\u0131\u00e7 Motor ve Pompa \u0130malat\u0131<br \/>\n\u2022Derin Kuyu Sondaj A\u00e7\u0131m\u0131<br \/>\n\u2022Derin Kuyu Pompa Montaj Demontaj<br \/>\n\u202225-16 Bar Y\u00fcksek Bas\u0131n\u00e7l\u0131 Kompres\u00f6rlerle Kuyu \u0130nki\u015faf<br \/>\n\u2022AG\u2014OG Trafo, in\u015faat, altyap\u0131 taahh\u00fct \u00e7al\u0131\u015fmalar\u0131.<br \/>\nGeni\u015f makine park\u0131 ve teknolojik donan\u0131mlar\u0131yla her t\u00fcrl\u00fc ihtiyaca cevap verebilecek e\u011fitimli personeli ile siz de\u011ferli m\u00fc\u015fterilerimizin memnuniyeti \u00f6nceli\u011fimiz olup, \u00e7a\u011fda\u015f kurumsal y\u00f6netim yakla\u015f\u0131m\u0131m\u0131z, verimlilik odakl\u0131 \u00e7al\u0131\u015fmalar\u0131m\u0131z, engin bilgi birikimimiz, sa\u011flam finansal yap\u0131m\u0131z, yenilik\u00e7i ve g\u00fc\u00e7l\u00fc kurum k\u00fclt\u00fcr\u00fcm\u00fczle birlikte m\u00fc\u015fteri portf\u00f6y\u00fcm\u00fcz\u00fc g\u00fcnden g\u00fcne geni\u015fleterek ba\u015far\u0131 katsay\u0131m\u0131z\u0131 s\u00fcrekli y\u00fckseltmekteyiz.<\/p>\n<table style=\"width: 760px;\">\n<tbody>\n<tr>\n<td style=\"width: 374px;\"><a href=\"https:\/\/aksoylar.com.tr\/tr\/?product=325\"><img loading=\"lazy\" decoding=\"async\" class=\"aligncenter\" src=\"https:\/\/aksoylar.com.tr\/tr\/wp-content\/uploads\/2016\/06\/atiksu.png\" width=\"240\" height=\"340\" \/><\/a><\/td>\n<td style=\"width: 382px;\"><a href=\"https:\/\/aksoylar.com.tr\/tr\/?product=yatay-dalgic-motor-pompa\"><img loading=\"lazy\" decoding=\"async\" class=\"aligncenter\" src=\"https:\/\/aksoylar.com.tr\/tr\/wp-content\/uploads\/2014\/02\/yatay_pompa_k\u0131rlang\u0131c_denizkabuklu.jpg\" width=\"240\" height=\"180\" \/><\/a><\/td>\n<td style=\"width: 382px;\"><a href=\"https:\/\/aksoylar.com.tr\/tr\/?product=traktor-kuyruk-milli-jenerator\"><img loading=\"lazy\" decoding=\"async\" class=\"aligncenter\" src=\"https:\/\/aksoylar.com.tr\/tr\/wp-content\/uploads\/2016\/10\/akstech-jenerator1.png\" width=\"1730\" height=\"2200\" \/><\/a><\/td>\n<\/tr>\n<\/tbody>\n<\/table>\n","protected":false},"excerpt":{"rendered":"<p>Hi\u00e7 birimiz hepimiz kadar iyi de\u011filiz! Firmam\u0131z, m\u00fc\u015fterilerimizin her zaman en iyiyi hak etti\u011fini d\u00fc\u015f\u00fcnerek hareket etmekte, do\u011fru \u00fcr\u00fcn\u00fcn se\u00e7ilmesi, sat\u0131\u015f \u00f6ncesi ve kullan\u0131m s\u0131ras\u0131nda teknik hizmet deste\u011finin do\u011fru ve eksiksiz sunulmas\u0131 prensibini benimseyerek m\u00fc\u015fterilerimize a\u015fa\u011f\u0131daki hizmetleri sunmaktad\u0131r \u2022AKS MOTORS &amp; PUMPS Marka Dalg\u0131\u00e7 Motor ve Pompa \u0130malat\u0131 \u2022Derin Kuyu Sondaj A\u00e7\u0131m\u0131 \u2022Derin Kuyu Pompa [&hellip;]<\/p>\n","protected":false},"author":2,"featured_media":0,"parent":0,"menu_order":0,"comment_status":"closed","ping_status":"closed","template":"","meta":{"footnotes":""},"class_list":["post-5","page","type-page","status-publish","hentry","post"],"_links":{"self":[{"href":"https:\/\/aksoylar.com.tr\/tr\/index.php?rest_route=\/wp\/v2\/pages\/5"}],"collection":[{"href":"https:\/\/aksoylar.com.tr\/tr\/index.php?rest_route=\/wp\/v2\/pages"}],"about":[{"href":"https:\/\/aksoylar.com.tr\/tr\/index.php?rest_route=\/wp\/v2\/types\/page"}],"author":[{"embeddable":true,"href":"https:\/\/aksoylar.com.tr\/tr\/index.php?rest_route=\/wp\/v2\/users\/2"}],"replies":[{"embeddable":true,"href":"https:\/\/aksoylar.com.tr\/tr\/index.php?rest_route=%2Fwp%2Fv2%2Fcomments&post=5"}],"version-history":[{"count":11,"href":"https:\/\/aksoylar.com.tr\/tr\/index.php?rest_route=\/wp\/v2\/pages\/5\/revisions"}],"predecessor-version":[{"id":427,"href":"https:\/\/aksoylar.com.tr\/tr\/index.php?rest_route=\/wp\/v2\/pages\/5\/revisions\/427"}],"wp:attachment":[{"href":"https:\/\/aksoylar.com.tr\/tr\/index.php?rest_route=%2Fwp%2Fv2%2Fmedia&parent=5"}],"curies":[{"name":"wp","href":"https:\/\/api.w.org\/{rel}","templated":true}]}}